{"id":10233,"date":"2023-06-22T11:35:48","date_gmt":"2023-06-22T09:35:48","guid":{"rendered":"https:\/\/justynalorenc.com\/?page_id=10233"},"modified":"2025-05-05T14:04:55","modified_gmt":"2025-05-05T12:04:55","slug":"o-mnie","status":"publish","type":"page","link":"https:\/\/justynalorenc.com\/en\/o-mnie\/","title":{"rendered":"O mnie"},"content":{"rendered":"<div data-elementor-type=\"wp-page\" data-elementor-id=\"10233\" class=\"elementor elementor-10233\" data-elementor-post-type=\"page\">\n\t\t\t\t<div class=\"elementor-element elementor-element-efe35d1 e-flex e-con-boxed e-con e-parent\" data-id=\"efe35d1\" data-element_type=\"container\">\n\t\t\t\t\t<div class=\"e-con-inner\">\n\t\t<div class=\"elementor-element elementor-element-c296f78 e-con-full e-flex e-con e-child\" data-id=\"c296f78\" data-element_type=\"container\">\n\t\t\t\t<div class=\"elementor-element elementor-element-cf3b52e elementor-widget elementor-widget-image\" data-id=\"cf3b52e\" data-element_type=\"widget\" data-widget_type=\"image.default\">\n\t\t\t\t<div class=\"elementor-widget-container\">\n\t\t\t\t\t\t\t\t\t\t\t\t\t\t\t<img fetchpriority=\"high\" decoding=\"async\" width=\"559\" height=\"590\" src=\"https:\/\/justynalorenc.com\/wp-content\/uploads\/2023\/06\/Warstwa-1s.png\" class=\"attachment-large size-large wp-image-10058\" alt=\"\" srcset=\"https:\/\/justynalorenc.com\/wp-content\/uploads\/2023\/06\/Warstwa-1s.png 559w, https:\/\/justynalorenc.com\/wp-content\/uploads\/2023\/06\/Warstwa-1s-284x300.png 284w\" sizes=\"(max-width: 559px) 100vw, 559px\" \/>\t\t\t\t\t\t\t\t\t\t\t\t\t\t\t<\/div>\n\t\t\t\t<\/div>\n\t\t\t\t<\/div>\n\t\t<div class=\"elementor-element elementor-element-ea6f038 e-con-full e-flex e-con e-child\" data-id=\"ea6f038\" data-element_type=\"container\">\n\t\t\t\t<div class=\"elementor-element elementor-element-2d5b8f7 elementor-widget elementor-widget-heading\" data-id=\"2d5b8f7\" data-element_type=\"widget\" data-widget_type=\"heading.default\">\n\t\t\t\t<div class=\"elementor-widget-container\">\n\t\t\t\t\t<h2 class=\"elementor-heading-title elementor-size-default\">Hi!<\/h2>\t\t\t\t<\/div>\n\t\t\t\t<\/div>\n\t\t\t\t<div class=\"elementor-element elementor-element-73250c0 elementor-widget elementor-widget-text-editor\" data-id=\"73250c0\" data-element_type=\"widget\" data-widget_type=\"text-editor.default\">\n\t\t\t\t<div class=\"elementor-widget-container\">\n\t\t\t\t\t\t\t\t\t<p><b>Kim jestem i jak to si\u0119 zacz\u0119\u0142o?<\/b><\/p>\n<p>Pasja i mi\u0142o\u015b\u0107 do podr\u00f3\u017cy towarzyszy\u0142y mi od dziecka. Pierwsze beskidzkie wyprawy g\u00f3rskie, rodzinne wczasy nad Ba\u0142tykiem organizowane przez zak\u0142ady pracy, nocne podr\u00f3\u017ce kuszetkami PKP. Nigdy nie zapomn\u0119 ekscytacji, kt\u00f3ra towarzyszy\u0142a mi podczas pierwszego samotnego wyjazdu do Londynu, kiedy, maj\u0105c 18 lat i&nbsp; b\u0119d\u0105c \u015bwie\u017co po maturze, pierwszy raz pojecha\u0142am sama za granic\u0119, do pracy w angielskiej herbaciarni na ko\u0144cu \u015bwiata. Na studiach by\u0142y weekendowe city breaks, p\u00f3\u017aniej d\u0142u\u017csze wyjazdy z aparatem, by w ko\u0144cu zakocha\u0107 si\u0119 w pisaniu i fotografii. Lubi\u0142am rejestrowa\u0107 swoje podr\u00f3\u017ce na kliszy, w pami\u0119ci telefonu i w notatniku. To naturalnie doprowadzi\u0142o mnie do miejsca, w kt\u00f3rym postanowi\u0142am stworzy\u0107 bloga, dzi\u0119ki kt\u00f3remu inni b\u0119d\u0105 mogli odkrywa\u0107 \u015bwiat razem ze mn\u0105.<span>&nbsp;<\/span><\/p>\n<p>Mieszka\u0142am w Londynie, <a href=\"https:\/\/justynalorenc.com\/en\/tag\/paryz\/\">Pary\u017cu<\/a>, Luksemburgu i <a href=\"https:\/\/justynalorenc.com\/en\/tag\/bruksela\/\">Brukseli<\/a>. Nie prowadz\u0119 ranking\u00f3w i nie licz\u0119 kraj\u00f3w, kt\u00f3re odwiedzi\u0142am. Zamiast uczestniczy\u0107 w wy\u015bcigu, skupiam si\u0119 na jako\u015bciowym, \u015bwiadomym odkrywaniu miejsc, kolor\u00f3w, zapach\u00f3w i smak\u00f3w, na rozmowie z lud\u017ami. Podr\u00f3\u017ce s\u0105 dla mnie przygod\u0105, ale te\u017c spotkaniem ze sob\u0105.<span>&nbsp;<\/span><\/p>\n<p><span><br><\/span><\/p>\n<p><\/p>\t\t\t\t\t\t\t\t<\/div>\n\t\t\t\t<\/div>\n\t\t\t\t<\/div>\n\t\t\t\t\t<\/div>\n\t\t\t\t<\/div>\n\t\t<div class=\"elementor-element elementor-element-9808f76 e-flex e-con-boxed e-con e-parent\" data-id=\"9808f76\" data-element_type=\"container\">\n\t\t\t\t\t<div class=\"e-con-inner\">\n\t\t\t\t<div class=\"elementor-element elementor-element-abe6201 elementor-widget elementor-widget-text-editor\" data-id=\"abe6201\" data-element_type=\"widget\" data-widget_type=\"text-editor.default\">\n\t\t\t\t<div class=\"elementor-widget-container\">\n\t\t\t\t\t\t\t\t\t<p style=\"font-size: 16px;\">Blog powsta\u0142 z ogromnej potrzeby pisania i \u0142\u0105czy wszystko, co dla mnie wa\u017cne: mi\u0142o\u015b\u0107 do podr\u00f3\u017cy, fotografii, pi\u0119knych miejsc. B\u0119dzie mi bardzo mi\u0142o, je\u015bli skorzystasz z moich rad, zainspirujesz si\u0119 i wyruszysz w podr\u00f3\u017c, lub je\u015bli zwyczajnie spodoba ci si\u0119 polecone przeze mnie miejsce.\u00a0<\/p><h1 style=\"font-size: 16px;\"><span style=\"font-weight: bold;\">Jak to si\u0119 zacz\u0119\u0142o?<\/span><\/h1><p style=\"font-size: 16px;\">Znajomi od zawsze pytali mnie o porady: co zobaczy\u0107 w Pary\u017cu? Gdzie zje\u015b\u0107 w Krakowie? Jak zorganizowa\u0107 samodzielnie podr\u00f3\u017c? Gdzie szuka\u0107 lot\u00f3w?<\/p><p style=\"font-size: 16px;\">Na blogu, opr\u00f3cz odpowiadania na te szalenie wa\u017cne pytania, dziel\u0119 si\u0119 swoimi odkryciami, <b>pi\u0119knymi<\/b> i <b>wyj\u0105tkowymi<\/b> <b>miejscami<\/b>, ciekawymi <b>przewodnikami<\/b>, klimatycznymi <b>restauracjami<\/b>, magicznymi zak\u0105tkami i <b>poradami<\/b> na tematy oko\u0142o-podr\u00f3\u017cnicze.<\/p><p style=\"font-size: 16px;\">Znajdziesz tu <b><a href=\"https:\/\/justynalorenc.com\/en\/category\/inspiracje\/\">inspirations<\/a><\/b> podr\u00f3\u017cnicze, wyj\u0105tkowe miejsca, przepisy inspirowane podr\u00f3\u017cami, <b>zestawienia<\/b> i przewodniki dla smakoszy, przewodniki kulturalne z odrobin\u0105 historii, przepisy i filmy, kt\u00f3re zabior\u0105 ci\u0119 w podr\u00f3\u017c, poradniki fotograficzne i tre\u015bci kobiece. Swoj\u0105 wiedz\u0119 i do\u015bwiadczenie pakuj\u0119 w artyku\u0142y zawieraj\u0105ce najwa\u017cniejsze wskaz\u00f3wki i porady, a inspiracje i oko\u0142o-podr\u00f3\u017cnicze podaj\u0119 jako zestawienia, ciekawostki i praktyczne tre\u015bci poradnikowe.\u00a0<\/p><p style=\"font-size: 16px;\">Na blogu s\u0105\u00a0<a href=\"https:\/\/justynalorenc.com\/en\/category\/przewodniki\/\" target=\"_blank\" rel=\"noopener\">przewodniki po miastach i regionach<\/a>, zestawienia i moje przemy\u015blenia. Chc\u0119 dzieli\u0107 si\u0119 tutaj inspiracjami, jakie sama chcia\u0142abym znale\u017a\u0107, wi\u0119c czasami znajdziesz tu te\u017c wpisy adresowane do m\u0142odszej mnie. I tak <a href=\"https:\/\/justynalorenc.com\/en\/4-kraje-do-ktorych-nigdy-nie-pojade\/\">tutaj dowiesz si\u0119, jakich kraj\u00f3w nigdy nie odwiedz\u0119 i dlaczego<\/a>, a tutaj\u00a0<a href=\"https:\/\/justynalorenc.com\/en\/5-feministycznych-ksiazek-ktore-powinna-przeczytac-kazda-dziewczyna\/\" target=\"_blank\" rel=\"noopener\">jakie ksi\u0105\u017cki powinna przeczyta\u0107 ka\u017cda dziewczyna<\/a>. Mo\u017cesz sprawdzi\u0107,<a href=\"https:\/\/justynalorenc.com\/en\/czy-jestes-feministka\/\"> czy jeste\u015b feministk\u0105<\/a> lub <a href=\"https:\/\/justynalorenc.com\/en\/moje-najwieksze-przypaly-i-pomylki-podroznicze\/(otworzy si\u0119 w nowej karcie)\/\">po\u015bmia\u0107 si\u0119 z moich najwi\u0119kszych pomy\u0142ek podr\u00f3\u017cniczych<\/a>. Pisz\u0119 tu te\u017c troch\u0119 o moich <a href=\"https:\/\/justynalorenc.com\/en\/boliwia-dziennik-z-podrozy-cz-i\/(otworzy si\u0119 w nowej karcie)\/\">przygodach<\/a>, publikuj\u0119 <a href=\"https:\/\/justynalorenc.com\/en\/tag\/miniprzewodnik\/\">mini-przewodniki <\/a>po miastach, kt\u00f3re przydadz\u0105 si\u0119 tym z was, kt\u00f3rzy chcieliby podr\u00f3\u017cowa\u0107 wi\u0119cej na etacie. Tworzenie inspiruj\u0105cych tre\u015bci sprawia mi ogromn\u0105 rado\u015b\u0107 i mam nadziej\u0119, \u017ce znajdziesz tu wskaz\u00f3wki, by m\u00f3c <a href=\"https:\/\/justynalorenc.com\/en\/jak-zaplanowac-podroz-wymarzona-krok-po-kroku-miniporadnik\/(otworzy si\u0119 w nowej karcie)\/\">samodzielnie zorganizowa\u0107 podr\u00f3\u017c marze\u0144<\/a>, odkrywa\u0107 nowe miejsca, <a href=\"https:\/\/justynalorenc.com\/en\/category\/fotografia\/\">uczy\u0107 si\u0119 fotografii<\/a>, czy <a href=\"https:\/\/justynalorenc.com\/en\/solo-podroze-jak-zaczac\/\">prze\u0142ama\u0107 strach przed samotnym podr\u00f3\u017cowaniem<\/a>.\u00a0<\/p><p style=\"font-size: 16px;\">Chcia\u0142abym aby ten blog by\u0142 inspiracj\u0105 i motywacj\u0105 do samodzielnego odkrywania \u015bwiata i siebie w nim, do pr\u00f3bowania nowego i otwierania si\u0119 na nowe. Mam nadziej\u0119, \u017ce znajdziesz tu co\u015b dla siebie.<\/p><p style=\"font-size: 16px;\">Je\u015bli chcesz otrzymywa\u0107 powiadomienia o nowych wpisach, ciekawe linki i inspiracje podr\u00f3\u017cnicze i fotograficzne &#8211; zapisz si\u0119 do newslettera i b\u0105d\u017a na bie\u017c\u0105co z nowo\u015bciami na blogu.<\/p><p style=\"font-size: 16px;\">Je\u015bli uwa\u017casz, \u017ce mo\u017cemy zrobi\u0107 razem co\u015b dobrego, propozycj\u0119 wsp\u00f3\u0142pracy mo\u017cesz wys\u0142a\u0107 na adres: kontakt@justynalorenc.com.\u00a0<\/p><p style=\"font-size: 16px;\">Je\u015bli masz pytania lub zwyczajnie masz ochot\u0119 pogada\u0107, napisz do mnie na adres: kontakt@justynalorenc.com lub na <a href=\"https:\/\/www.instagram.com\/whereisjusha\/\">Instagramie<\/a>.<\/p><p style=\"font-size: 16px;\">Logo zrobi\u0142a najzdolniejsza <a href=\"https:\/\/www.instagram.com\/atogrzywa\/\">@atogrzywa<\/a>.<\/p><p style=\"font-size: 16px;\">Na koniec mam pro\u015bb\u0119: wszystkie teksty i zdj\u0119cia tworz\u0119 sama. By dostarcza\u0107 wam oryginalnych tre\u015bci, czasami wstaj\u0119 nieprzyzwoicie wcze\u015bnie. Czasami zrobienie jednego zdj\u0119cia wymaga wielu poprawek i pr\u00f3b. Napisanie artyku\u0142u to koncepcja, pisanie, redakcja, korekta, SEO, wyb\u00f3r i edycja zdj\u0119\u0107, a w ko\u0144cu te\u017c m\u00f3j czas, energia, zasoby i pieni\u0105dze, kt\u00f3re po\u015bwi\u0119ci\u0142am na lata nauki, dzi\u0119ki czemu mog\u0119 si\u0119 z wami dzieli\u0107 wiedz\u0105 za darmo. Wobec tego prosz\u0119 &#8211; nie kopiuj mojej pracy bez mojej wiedzy i pozwolenia.<\/p><p style=\"font-size: 16px;\">Je\u015bli doceniasz moj\u0105 prac\u0119 i masz ochot\u0119, <a href=\"https:\/\/bmc.link\/justynalorenc\">mo\u017cesz postawi\u0107 mi wirtualn\u0105 kaw\u0119<\/a>. To pozwoli mi tworzy\u0107 wi\u0119cej inspiruj\u0105cych i przydatnych tre\u015bci. Dzi\u0119kuj\u0119!<\/p><p style=\"margin-right: 0px; margin-bottom: 0px; margin-left: 0px; font-variant-numeric: normal; font-variant-east-asian: normal; font-variant-alternates: normal; font-kerning: auto; font-optical-sizing: auto; font-feature-settings: normal; font-variation-settings: normal; font-stretch: normal; font-size: 13px; line-height: normal; font-family: 'Helvetica Neue'; min-height: 15px; color: #000000;\">\u00a0<\/p>\t\t\t\t\t\t\t\t<\/div>\n\t\t\t\t<\/div>\n\t\t\t\t\t<\/div>\n\t\t\t\t<\/div>\n\t\t\t\t<\/div>","protected":false},"excerpt":{"rendered":"<p>Cze\u015b\u0107! Kim jestem i jak to si\u0119 zacz\u0119\u0142o? Pasja i mi\u0142o\u015b\u0107 do podr\u00f3\u017cy towarzyszy\u0142y mi od dziecka. Pierwsze beskidzkie wyprawy g\u00f3rskie, rodzinne wczasy nad Ba\u0142tykiem organizowane przez zak\u0142ady pracy, nocne podr\u00f3\u017ce kuszetkami PKP. Nigdy nie zapomn\u0119 ekscytacji, kt\u00f3ra towarzyszy\u0142a mi podczas pierwszego samotnego wyjazdu do Londynu, kiedy, maj\u0105c 18 lat i&nbsp; b\u0119d\u0105c \u015bwie\u017co po maturze, [&hellip;]<\/p>","protected":false},"author":1,"featured_media":0,"parent":0,"menu_order":0,"comment_status":"closed","ping_status":"closed","template":"","meta":{"_monsterinsights_skip_tracking":false,"_monsterinsights_sitenote_active":false,"_monsterinsights_sitenote_note":"","_monsterinsights_sitenote_category":0,"footnotes":""},"yoast_head":"<!-- This site is optimized with the Yoast SEO plugin v22.0 - https:\/\/yoast.com\/wordpress\/plugins\/seo\/ -->\n<title>Justyna Lorenc - podr\u00f3\u017ce | fotografia | inspiracje | klimatyczne miejsca<\/title>\n<meta name=\"description\" content=\"Przewodniki, inspiracje podr\u00f3\u017cnicze i fotograficzne, klimatyczne miejsca, pi\u0119kne pomys\u0142y na city-break i pomys\u0142owe podr\u00f3\u017ce - odkrywaj \u015bwiat ze mn\u0105!\" \/>\n<meta name=\"robots\" content=\"noindex, follow\" \/>\n<meta property=\"og:locale\" content=\"en_GB\" \/>\n<meta property=\"og:type\" content=\"article\" \/>\n<meta property=\"og:title\" content=\"Justyna Lorenc - podr\u00f3\u017ce | fotografia | inspiracje | klimatyczne miejsca\" \/>\n<meta property=\"og:description\" content=\"Przewodniki, inspiracje podr\u00f3\u017cnicze i fotograficzne, klimatyczne miejsca, pi\u0119kne pomys\u0142y na city-break i pomys\u0142owe podr\u00f3\u017ce - odkrywaj \u015bwiat ze mn\u0105!\" \/>\n<meta property=\"og:url\" content=\"https:\/\/justynalorenc.com\/en\/o-mnie\/\" \/>\n<meta property=\"og:site_name\" content=\"Justyna Lorenc\" \/>\n<meta property=\"article:publisher\" content=\"https:\/\/www.facebook.com\/justynalorenccom\/\" \/>\n<meta property=\"article:modified_time\" content=\"2025-05-05T12:04:55+00:00\" \/>\n<meta property=\"og:image\" content=\"https:\/\/justynalorenc.com\/wp-content\/uploads\/2023\/06\/Warstwa-1s.png\" \/>\n<meta name=\"twitter:card\" content=\"summary_large_image\" \/>\n<meta name=\"twitter:label1\" content=\"Estimated reading time\" \/>\n\t<meta name=\"twitter:data1\" content=\"5 minutes\" \/>\n<script type=\"application\/ld+json\" class=\"yoast-schema-graph\">{\"@context\":\"https:\/\/schema.org\",\"@graph\":[{\"@type\":\"WebPage\",\"@id\":\"https:\/\/justynalorenc.com\/o-mnie\/\",\"url\":\"https:\/\/justynalorenc.com\/o-mnie\/\",\"name\":\"Justyna Lorenc - podr\u00f3\u017ce | fotografia | inspiracje | klimatyczne miejsca\",\"isPartOf\":{\"@id\":\"https:\/\/justynalorenc.com\/#website\"},\"datePublished\":\"2023-06-22T09:35:48+00:00\",\"dateModified\":\"2025-05-05T12:04:55+00:00\",\"description\":\"Przewodniki, inspiracje podr\u00f3\u017cnicze i fotograficzne, klimatyczne miejsca, pi\u0119kne pomys\u0142y na city-break i pomys\u0142owe podr\u00f3\u017ce - odkrywaj \u015bwiat ze mn\u0105!\",\"breadcrumb\":{\"@id\":\"https:\/\/justynalorenc.com\/o-mnie\/#breadcrumb\"},\"inLanguage\":\"en-GB\",\"potentialAction\":[{\"@type\":\"ReadAction\",\"target\":[\"https:\/\/justynalorenc.com\/o-mnie\/\"]}]},{\"@type\":\"BreadcrumbList\",\"@id\":\"https:\/\/justynalorenc.com\/o-mnie\/#breadcrumb\",\"itemListElement\":[{\"@type\":\"ListItem\",\"position\":1,\"name\":\"Strona g\u0142\u00f3wna\",\"item\":\"https:\/\/justynalorenc.com\/\"},{\"@type\":\"ListItem\",\"position\":2,\"name\":\"O mnie\"}]},{\"@type\":\"WebSite\",\"@id\":\"https:\/\/justynalorenc.com\/#website\",\"url\":\"https:\/\/justynalorenc.com\/\",\"name\":\"Justyna Lorenc\",\"description\":\"BLOG - podr\u00f3\u017ce | fotografia | porady | inspiracje | klimatyczne miejsca\",\"publisher\":{\"@id\":\"https:\/\/justynalorenc.com\/#\/schema\/person\/5f1d38de0ec51979d4c19fbe946b7c99\"},\"potentialAction\":[{\"@type\":\"SearchAction\",\"target\":{\"@type\":\"EntryPoint\",\"urlTemplate\":\"https:\/\/justynalorenc.com\/?s={search_term_string}\"},\"query-input\":\"required name=search_term_string\"}],\"inLanguage\":\"en-GB\"},{\"@type\":[\"Person\",\"Organization\"],\"@id\":\"https:\/\/justynalorenc.com\/#\/schema\/person\/5f1d38de0ec51979d4c19fbe946b7c99\",\"name\":\"Justyna\",\"image\":{\"@type\":\"ImageObject\",\"inLanguage\":\"en-GB\",\"@id\":\"https:\/\/justynalorenc.com\/#\/schema\/person\/image\/\",\"url\":\"https:\/\/secure.gravatar.com\/avatar\/841e9b2ea8d5610552749bad1d090415?s=96&d=mm&r=g\",\"contentUrl\":\"https:\/\/secure.gravatar.com\/avatar\/841e9b2ea8d5610552749bad1d090415?s=96&d=mm&r=g\",\"caption\":\"Justyna\"},\"logo\":{\"@id\":\"https:\/\/justynalorenc.com\/#\/schema\/person\/image\/\"},\"sameAs\":[\"https:\/\/www.facebook.com\/justynalorenccom\/\",\"https:\/\/www.instagram.com\/justyna_lorenc\/?hl=pl\"]}]}<\/script>\n<!-- \/ Yoast SEO plugin. -->","yoast_head_json":{"title":"Justyna Lorenc - podr\u00f3\u017ce | fotografia | inspiracje | klimatyczne miejsca","description":"Przewodniki, inspiracje podr\u00f3\u017cnicze i fotograficzne, klimatyczne miejsca, pi\u0119kne pomys\u0142y na city-break i pomys\u0142owe podr\u00f3\u017ce - odkrywaj \u015bwiat ze mn\u0105!","robots":{"index":"noindex","follow":"follow"},"og_locale":"en_GB","og_type":"article","og_title":"Justyna Lorenc - podr\u00f3\u017ce | fotografia | inspiracje | klimatyczne miejsca","og_description":"Przewodniki, inspiracje podr\u00f3\u017cnicze i fotograficzne, klimatyczne miejsca, pi\u0119kne pomys\u0142y na city-break i pomys\u0142owe podr\u00f3\u017ce - odkrywaj \u015bwiat ze mn\u0105!","og_url":"https:\/\/justynalorenc.com\/en\/o-mnie\/","og_site_name":"Justyna Lorenc","article_publisher":"https:\/\/www.facebook.com\/justynalorenccom\/","article_modified_time":"2025-05-05T12:04:55+00:00","og_image":[{"url":"https:\/\/justynalorenc.com\/wp-content\/uploads\/2023\/06\/Warstwa-1s.png"}],"twitter_card":"summary_large_image","twitter_misc":{"Estimated reading time":"5 minutes"},"schema":{"@context":"https:\/\/schema.org","@graph":[{"@type":"WebPage","@id":"https:\/\/justynalorenc.com\/o-mnie\/","url":"https:\/\/justynalorenc.com\/o-mnie\/","name":"Justyna Lorenc - podr\u00f3\u017ce | fotografia | inspiracje | klimatyczne miejsca","isPartOf":{"@id":"https:\/\/justynalorenc.com\/#website"},"datePublished":"2023-06-22T09:35:48+00:00","dateModified":"2025-05-05T12:04:55+00:00","description":"Przewodniki, inspiracje podr\u00f3\u017cnicze i fotograficzne, klimatyczne miejsca, pi\u0119kne pomys\u0142y na city-break i pomys\u0142owe podr\u00f3\u017ce - odkrywaj \u015bwiat ze mn\u0105!","breadcrumb":{"@id":"https:\/\/justynalorenc.com\/o-mnie\/#breadcrumb"},"inLanguage":"en-GB","potentialAction":[{"@type":"ReadAction","target":["https:\/\/justynalorenc.com\/o-mnie\/"]}]},{"@type":"BreadcrumbList","@id":"https:\/\/justynalorenc.com\/o-mnie\/#breadcrumb","itemListElement":[{"@type":"ListItem","position":1,"name":"Strona g\u0142\u00f3wna","item":"https:\/\/justynalorenc.com\/"},{"@type":"ListItem","position":2,"name":"O mnie"}]},{"@type":"WebSite","@id":"https:\/\/justynalorenc.com\/#website","url":"https:\/\/justynalorenc.com\/","name":"Justyna Lorenc","description":"BLOG - podr\u00f3\u017ce | fotografia | porady | inspiracje | klimatyczne miejsca","publisher":{"@id":"https:\/\/justynalorenc.com\/#\/schema\/person\/5f1d38de0ec51979d4c19fbe946b7c99"},"potentialAction":[{"@type":"SearchAction","target":{"@type":"EntryPoint","urlTemplate":"https:\/\/justynalorenc.com\/?s={search_term_string}"},"query-input":"required name=search_term_string"}],"inLanguage":"en-GB"},{"@type":["Person","Organization"],"@id":"https:\/\/justynalorenc.com\/#\/schema\/person\/5f1d38de0ec51979d4c19fbe946b7c99","name":"Justyna","image":{"@type":"ImageObject","inLanguage":"en-GB","@id":"https:\/\/justynalorenc.com\/#\/schema\/person\/image\/","url":"https:\/\/secure.gravatar.com\/avatar\/841e9b2ea8d5610552749bad1d090415?s=96&d=mm&r=g","contentUrl":"https:\/\/secure.gravatar.com\/avatar\/841e9b2ea8d5610552749bad1d090415?s=96&d=mm&r=g","caption":"Justyna"},"logo":{"@id":"https:\/\/justynalorenc.com\/#\/schema\/person\/image\/"},"sameAs":["https:\/\/www.facebook.com\/justynalorenccom\/","https:\/\/www.instagram.com\/justyna_lorenc\/?hl=pl"]}]}},"_links":{"self":[{"href":"https:\/\/justynalorenc.com\/en\/wp-json\/wp\/v2\/pages\/10233"}],"collection":[{"href":"https:\/\/justynalorenc.com\/en\/wp-json\/wp\/v2\/pages"}],"about":[{"href":"https:\/\/justynalorenc.com\/en\/wp-json\/wp\/v2\/types\/page"}],"author":[{"embeddable":true,"href":"https:\/\/justynalorenc.com\/en\/wp-json\/wp\/v2\/users\/1"}],"replies":[{"embeddable":true,"href":"https:\/\/justynalorenc.com\/en\/wp-json\/wp\/v2\/comments?post=10233"}],"version-history":[{"count":36,"href":"https:\/\/justynalorenc.com\/en\/wp-json\/wp\/v2\/pages\/10233\/revisions"}],"predecessor-version":[{"id":13712,"href":"https:\/\/justynalorenc.com\/en\/wp-json\/wp\/v2\/pages\/10233\/revisions\/13712"}],"wp:attachment":[{"href":"https:\/\/justynalorenc.com\/en\/wp-json\/wp\/v2\/media?parent=10233"}],"curies":[{"name":"wp","href":"https:\/\/api.w.org\/{rel}","templated":true}]}}